{"id":4025,"date":"2025-12-02T20:51:35","date_gmt":"2025-12-02T19:51:35","guid":{"rendered":"https:\/\/www.gebaeudesimulation.ch\/?page_id=4025"},"modified":"2026-01-26T09:37:33","modified_gmt":"2026-01-26T08:37:33","slug":"services","status":"publish","type":"page","link":"https:\/\/www.gebaeudesimulation.ch\/en\/leistungen\/","title":{"rendered":"Services"},"content":{"rendered":"<div class=\"brz-root__container brz-reset-all brz brz-root__container-page\">\n<section id=\"61507d3980845a56f06d_fzquozgmpvteamruiyjplpysmvwzemkdmyac\" class=\"brz-section brz-css-tfcncf\">\n<div class=\"brz-section__content brz-section--boxed brz-css-bi1m8z brz-css-1g14xal\" data-brz-custom-id=\"pgwykvpnbohwwebfsaemphgyuxrawrxnefyb\">\n<div class=\"brz-container brz-css-18a328o\">\n<div id=\"\" class=\"brz-css-1ht3y3b brz-wrapper\">\n<div class=\"brz-rich-text brz-rich-text__custom brz-css-1rb8kha\" data-brz-custom-id=\"xmZFXpyYRePV\">\n<div data-brz-translate-text=\"1\">\n<h3 class=\"brz-tp-lg-heading3 brz-mb-lg-15 brz-css-v4c5i\" data-generated-css=\"brz-css-fIk1X\" data-uniq-id=\"d6Nyz\"><strong class=\"brz-cp-color2\">services<\/strong><\/h3>\n<p class=\"brz-tp-lg-paragraph brz-css-d8bPK\" data-generated-css=\"brz-css-dyd8x\" data-uniq-id=\"ukOv4\"><span class=\"brz-cp-color2\" style=\"opacity: 1\">The Swiss Building Simulation Association offers specialist planners and building contractors comprehensive support in tendering for building simulations. Our aim is to guide you through the complex process of simulation in order to achieve the best results for your project.<\/span><\/p>\n<\/div>\n<\/div>\n<\/div>\n<\/div>\n<\/div>\n<\/section>\n<section id=\"f5ee015ae52664e559d1_xkdrwgnkriktstvjxgchhigzojlekrdtnasd\" class=\"brz-section brz-css-tfcncf brz-css-11zthyp\">\n<div class=\"brz-section__content brz-section--boxed brz-css-bi1m8z brz-css-3h9zxa\" data-brz-custom-id=\"vvyikrgqbgrjyssllbrlzwtjuvxwfouhpgup\">\n<div class=\"brz-bg\">\n<div class=\"brz-bg-color\"><\/div>\n<\/div>\n<div class=\"brz-container brz-css-18a328o\">\n<div id=\"\" class=\"brz-css-1ht3y3b brz-wrapper\">\n<div class=\"brz-rich-text brz-rich-text__custom brz-css-1rb8kha\" data-brz-custom-id=\"uL94Sj9z7iT9\">\n<div data-brz-translate-text=\"1\">\n<h3 class=\"brz-mb-lg-15 brz-tp-lg-heading3 brz-css-vImlb\" data-generated-css=\"brz-css-r7tzc\" data-uniq-id=\"xhSKj\"><span class=\"brz-cp-color2\">Advice on tenders<\/span><\/h3>\n<p class=\"brz-fsft-lg-0 brz-fwdth-lg-100 brz-vfw-lg-400 brz-lh-lg-1_9 brz-ls-lg-0 brz-fw-lg-400 brz-fss-lg-px brz-fs-lg-16 brz-ft-upload brz-ff-jhgcwysbcjrxozyinoljzrzlwbtjcxzvukdl brz-tp-lg-empty brz-css-bOyll\" data-generated-css=\"brz-css-bFtGr\" data-uniq-id=\"wQyhw\"><strong class=\"brz-bold-true\">Support in preparing tender documents:<\/strong><\/p>\n<p class=\"brz-tp-lg-paragraph brz-css-e5Osc\" data-generated-css=\"brz-css-tqT1P\" data-uniq-id=\"cBL4Y\">The association supports you in drafting tender documents for building simulations. We help you to create clear and precise tender texts that cover all relevant requirements for the simulations. This ensures that you receive the right offers from service providers and that the quality of the simulations remains at a high level.<\/p>\n<p class=\"brz-tp-lg-paragraph brz-css-r2ETh\" data-generated-css=\"brz-css-m8643\" data-uniq-id=\"eOWQd\"><\/p>\n<p class=\"brz-fsft-lg-0 brz-fwdth-lg-100 brz-vfw-lg-400 brz-lh-lg-1_9 brz-ls-lg-0 brz-fw-lg-400 brz-fss-lg-px brz-fs-lg-16 brz-ft-upload brz-ff-jhgcwysbcjrxozyinoljzrzlwbtjcxzvukdl brz-tp-lg-empty brz-css-q2UbQ\" data-generated-css=\"brz-css-ePcBe\" data-uniq-id=\"crLk2\"><strong class=\"brz-bold-true\">Concrete approach:<\/strong><\/p>\n<ul>\n<li class=\"brz-tp-lg-paragraph brz-text-lg-justify brz-css-v0kF_\" data-generated-css=\"brz-css-oZtr8\" data-uniq-id=\"yJU0J\">Needs assessment with online meeting<\/li>\n<li class=\"brz-tp-lg-paragraph brz-text-lg-justify brz-css-yCG19\" data-generated-css=\"brz-css-yyuy4\" data-uniq-id=\"tt5_M\">Recommendation of simulation types<\/li>\n<li class=\"brz-tp-lg-paragraph brz-text-lg-justify brz-css-qOYHx\" data-generated-css=\"brz-css-xWsJX\" data-uniq-id=\"qpAwi\">Objectives for simulations (verification, optimisation, etc.)<\/li>\n<li class=\"brz-tp-lg-paragraph brz-text-lg-justify brz-css-l9eyr\" data-generated-css=\"brz-css-v2itm\" data-uniq-id=\"c1qN0\">Text blocks for the tender documents<\/li>\n<\/ul>\n<p class=\"brz-tp-lg-paragraph brz-css-uLvoZ\" data-generated-css=\"brz-css-ujx3G\" data-uniq-id=\"xLZ15\"><\/p>\n<p class=\"brz-fsft-lg-0 brz-fwdth-lg-100 brz-vfw-lg-400 brz-lh-lg-1_9 brz-ls-lg-0 brz-fw-lg-400 brz-fss-lg-px brz-fs-lg-16 brz-ft-upload brz-ff-jhgcwysbcjrxozyinoljzrzlwbtjcxzvukdl brz-tp-lg-empty brz-css-ilWj8\" data-generated-css=\"brz-css-vk7RG\" data-uniq-id=\"eJHiy\"><strong class=\"brz-bold-true\">Costs:<\/strong><\/p>\n<p class=\"brz-tp-lg-paragraph brz-css-ssyWf\" data-generated-css=\"brz-css-l6Yag\" data-uniq-id=\"dPCHm\">The service is offered at a flat rate of CHF 800 excluding VAT.<\/p>\n<p class=\"brz-tp-lg-paragraph brz-css-uuNO8\" data-generated-css=\"brz-css-p0Cv_\" data-uniq-id=\"b9Cuf\">For large or particularly complex projects, we reserve the right to adjust the flat rate according to the scope of the issue.<\/p>\n<p class=\"brz-tp-lg-paragraph brz-css-cSZbk\" data-generated-css=\"brz-css-cFAsG\" data-uniq-id=\"kxRaD\">The following apply: <a class=\"link--page\" href=\"https:\/\/www.gebaeudesimulation.ch\/en\/terms-and-conditions\/\" data-brz-link-type=\"page\">General Terms and Conditions (GTC)<\/a><span>.<\/span><\/p>\n<h5 class=\"brz-tp-lg-heading5 brz-css-rT6AH\" data-generated-css=\"brz-css-l6laM\" data-uniq-id=\"wLi7b\"><\/h5>\n<p class=\"brz-fsft-lg-0 brz-fwdth-lg-100 brz-vfw-lg-400 brz-lh-lg-1_9 brz-ls-lg-0 brz-fw-lg-400 brz-fss-lg-px brz-fs-lg-16 brz-ft-upload brz-ff-jhgcwysbcjrxozyinoljzrzlwbtjcxzvukdl brz-tp-lg-empty brz-css-yckMp\" data-generated-css=\"brz-css-bB4JS\" data-uniq-id=\"dW6D1\"><strong class=\"brz-bold-true\">Enquiry:<\/strong><\/p>\n<p class=\"brz-tp-lg-paragraph brz-css-x92Wo\" data-generated-css=\"brz-css-k0Lsz\" data-uniq-id=\"tZZ82\"><span>Are you interested in integrating dynamic simulations into your construction projects to create a more energy-efficient and optimally functioning building?<\/span><\/p>\n<\/div>\n<\/div>\n<\/div>\n<div class=\"brz-wrapper-clone brz-css-s17iz2 brz-css-ek0xii\">\n<div class=\"brz-d-xs-flex brz-flex-xs-wrap brz-css-1blcshy brz-css-1xr8kge\" data-brz-custom-id=\"\">\n<div class=\"brz-wrapper-clone__item\" id=\"y_h_CDG1XjGb\"><a class=\"brz-a brz-btn brz-css-zfanyy brz-css-isnddc brz-css-1fbi7l4\" href=\"mailto:info@gebaeudesimulation.ch\" target=\"_self\" rel=\"noopener\" data-brz-link-type=\"external\" data-brz-custom-id=\"y_h_CDG1XjGb\"><span data-brz-translate-text=\"1\" class=\"brz-span brz-text__editor\">CONTACT<\/span><\/a><\/div>\n<\/div>\n<\/div>\n<div id=\"\" class=\"brz-css-1ht3y3b brz-css-19khrvf brz-wrapper\">\n<div class=\"brz-spacer brz-css-fosoig\"><\/div>\n<\/div>\n<div id=\"\" class=\"brz-css-1ht3y3b brz-wrapper\">\n<div class=\"brz-line brz-line-default brz-css-50xizl brz-css-1le31tl\" data-brz-custom-id=\"n5oR0uqjDvaz\">\n<hr class=\"brz-hr\"><\/div>\n<\/div>\n<div id=\"\" class=\"brz-css-1ht3y3b brz-css-19khrvf brz-wrapper\">\n<div class=\"brz-spacer brz-css-fosoig\"><\/div>\n<\/div>\n<div id=\"\" class=\"brz-css-1ht3y3b brz-wrapper\">\n<div class=\"brz-rich-text brz-rich-text__custom brz-css-1rb8kha\" data-brz-custom-id=\"id3LCygdugiN\">\n<div data-brz-translate-text=\"1\">\n<h3 class=\"brz-mb-lg-15 brz-tp-lg-heading3 brz-css-y307G\" data-uniq-id=\"zp8ue\" data-generated-css=\"brz-css-cKmwM\"><span class=\"brz-cp-color2\">Additional services<\/span><\/h3>\n<p class=\"brz-tp-lg-paragraph brz-css-l4WDK\" data-uniq-id=\"zT_Ax\" data-generated-css=\"brz-css-gsj1e\"><span class=\"brz-cp-color2\">The association arranges the contact, while the scope, conditions and execution of the service are agreed individually between the respective members and the clients.<\/span><\/p>\n<\/div>\n<\/div>\n<\/div>\n<\/div>\n<\/div>\n<\/section>\n<\/div>\n<p>    <!-- version:1765016058 --><\/p>","protected":false},"excerpt":{"rendered":"<p>Dienstleistungen Der Verein Geb\u00e4udesimulation Schweiz bietet Fachplanern und Bauherren umfassende Unterst\u00fctzung bei der Ausschreibung von Geb\u00e4udesimulationen. Unser Ziel ist es, Sie durch den komplexen Prozess der Simulationen zu begleiten, um die besten Ergebnisse f\u00fcr Ihr Projekt zu erzielen. Beratung f\u00fcr Ausschreibungen Unterst\u00fctzung bei der Erstellung von Ausschreibungsunterlagen: Der Verein unterst\u00fctzt Sie bei der Verfassung von&hellip; <a class=\"more-link\" href=\"https:\/\/www.gebaeudesimulation.ch\/en\/leistungen\/\">Continue reading <span class=\"screen-reader-text\">Services<\/span><\/a><\/p>","protected":false},"author":2,"featured_media":0,"parent":0,"menu_order":0,"comment_status":"closed","ping_status":"closed","template":"brizy-blank-template.php","meta":{"_seopress_robots_primary_cat":"","_seopress_titles_title":"","_seopress_titles_desc":"","_seopress_robots_index":"","inline_featured_image":false,"footnotes":""},"class_list":["post-4025","page","type-page","status-publish","hentry","entry"],"brizy_media":[{"id":7,"url":"https:\/\/www.gebaeudesimulation.ch\/wp-content\/uploads\/2023\/03\/Original-scaled-e1677836160790.jpg","name":"Original.jpg","meta":{"brizy_attachment_uid":"wp-3137c09cebe738fcfa920ef6ef223dcb.jpg","brizy_post_uid":["028a7fe259c52aeecbdd522f661036a9"]}},{"id":10,"url":"https:\/\/www.gebaeudesimulation.ch\/wp-content\/uploads\/2023\/03\/Original.svg","name":"Original.svg","meta":{"brizy_attachment_uid":"wp-a7598e38d842a2c7981683e36eb96be6.svg","brizy_post_uid":["028a7fe259c52aeecbdd522f661036a9"]}},{"id":27,"url":"https:\/\/www.gebaeudesimulation.ch\/wp-content\/uploads\/2023\/03\/logoweb.png","name":"logoweb.png","meta":{"brizy_attachment_uid":"wp-bf6630e0acef28bbca31b0e63edff3ba.png","brizy_post_uid":["028a7fe259c52aeecbdd522f661036a9"]}},{"id":124,"url":"https:\/\/www.gebaeudesimulation.ch\/wp-content\/uploads\/2023\/03\/logoweb-1.png","name":"logoweb-1.png","meta":{"brizy_attachment_uid":"wp-60e8ee78e83597703a1facd5cbbdd149.png","brizy_post_uid":["028a7fe259c52aeecbdd522f661036a9"]}},{"id":507,"url":"https:\/\/www.gebaeudesimulation.ch\/wp-content\/uploads\/2023\/05\/iStock-comic-style-people.svg","name":"iStock-comic-style-people.svg","meta":{"brizy_attachment_uid":"wp-cdab4acc0aca609465975ba447355c2d.svg","brizy_post_uid":["028a7fe259c52aeecbdd522f661036a9"]}},{"id":552,"url":"https:\/\/www.gebaeudesimulation.ch\/wp-content\/uploads\/2023\/05\/gss-logo-klein-vector.svg","name":"gss-logo-small-vector.svg","meta":{"brizy_attachment_uid":"wp-3f992bb193db6ecd433a1b3cc0030f27.svg","brizy_post_uid":["028a7fe259c52aeecbdd522f661036a9"]}},{"id":1011,"url":"https:\/\/www.gebaeudesimulation.ch\/wp-content\/uploads\/2023\/05\/iStock-1291051457.svg","name":"iStock-1291051457.svg","meta":{"brizy_attachment_uid":"wp-8ca7081fabc137db5f371bb905775825.svg","brizy_post_uid":["028a7fe259c52aeecbdd522f661036a9"]}},{"id":1015,"url":"https:\/\/www.gebaeudesimulation.ch\/wp-content\/uploads\/2023\/05\/iStock-1399555645.svg","name":"iStock-1399555645.svg","meta":{"brizy_attachment_uid":"wp-71c21ffcdd35559dfbce7b43a9552743.svg","brizy_post_uid":["028a7fe259c52aeecbdd522f661036a9"]}},{"id":1016,"url":"https:\/\/www.gebaeudesimulation.ch\/wp-content\/uploads\/2023\/05\/iStock-1452293935.svg","name":"iStock-1452293935.svg","meta":{"brizy_attachment_uid":"wp-9368446bfd252194710091f0f80f2e06.svg","brizy_post_uid":["028a7fe259c52aeecbdd522f661036a9"]}},{"id":1017,"url":"https:\/\/www.gebaeudesimulation.ch\/wp-content\/uploads\/2023\/05\/iStock-1459272123.svg","name":"iStock-1459272123.svg","meta":{"brizy_attachment_uid":"wp-d1cbbf0cb085ee49b2ddd9386ef96c55.svg","brizy_post_uid":["028a7fe259c52aeecbdd522f661036a9"]}},{"id":2045,"url":"https:\/\/www.gebaeudesimulation.ch\/wp-content\/uploads\/2023\/07\/iStock-1291051457-3-1-2.gif","name":"iStock-1291051457-3-1-2.gif","meta":{"brizy_attachment_uid":"wp-3d53ada66bc964fe97f5fdf49423926f.gif","brizy_post_uid":["028a7fe259c52aeecbdd522f661036a9"]}},{"id":2054,"url":"https:\/\/www.gebaeudesimulation.ch\/wp-content\/uploads\/2023\/07\/iStock-1291051457-3-1-5.gif","name":"iStock-1291051457-3-1-5.gif","meta":{"brizy_attachment_uid":"wp-8c0ab25adbcccd1a9ed39525581f7b65.gif","brizy_post_uid":["028a7fe259c52aeecbdd522f661036a9"]}},{"id":2487,"url":"https:\/\/www.gebaeudesimulation.ch\/wp-content\/uploads\/2023\/01\/Swissbau_Logo.png","name":"Swissbau_Logo.png","meta":{"brizy_attachment_uid":"wp-afbc4f1aac73b9e85a54d2cb67a7bfc1.png","brizy_post_uid":["028a7fe259c52aeecbdd522f661036a9"]}},{"id":2538,"url":"https:\/\/www.gebaeudesimulation.ch\/wp-content\/uploads\/2023\/12\/Swissbau-Nachhaltig-bauen_small.gif","name":"Swissbau-sustainable-building_small.gif","meta":{"brizy_attachment_uid":"wp-ba5e6ef69b59478bf4e3f3f7e3ad1baf.gif","brizy_post_uid":["028a7fe259c52aeecbdd522f661036a9"]}},{"id":2551,"url":"https:\/\/www.gebaeudesimulation.ch\/wp-content\/uploads\/2023\/12\/Swissbau-Norm-Simulation.gif","name":"Swissbau-Norm-Simulation.gif","meta":{"brizy_attachment_uid":"wp-c1ffa2cc44a4352ffe3e5c5264c0e4db.gif","brizy_post_uid":["028a7fe259c52aeecbdd522f661036a9"]}},{"id":2559,"url":"https:\/\/www.gebaeudesimulation.ch\/wp-content\/uploads\/2023\/12\/Swissbau_footsteps_gss-1.gif","name":"Swissbau_footsteps_gss-1.gif","meta":{"brizy_attachment_uid":"wp-02bb5167563165f095b4c2c77adce5ee.gif","brizy_post_uid":["028a7fe259c52aeecbdd522f661036a9"]}},{"id":2747,"url":"https:\/\/www.gebaeudesimulation.ch\/wp-content\/uploads\/2024\/04\/SIA_logo_small.png","name":"SIA_logo_small.png","meta":{"brizy_attachment_uid":"wp-55e38508ece183f2aca7a67f5f08c608.png","brizy_post_uid":["028a7fe259c52aeecbdd522f661036a9"]}},{"id":2749,"url":"https:\/\/www.gebaeudesimulation.ch\/wp-content\/uploads\/2024\/04\/minergie_logo.svg","name":"minergie_logo.svg","meta":{"brizy_attachment_uid":"wp-46ed0a9cd15da7501196abc203b4c0a6.svg","brizy_post_uid":["028a7fe259c52aeecbdd522f661036a9"]}},{"id":2766,"url":"https:\/\/www.gebaeudesimulation.ch\/wp-content\/uploads\/2024\/04\/minergie_logo_500x250.png","name":"minergie_logo_500x250.png","meta":{"brizy_attachment_uid":"wp-e01bb446be62039c1454c4bd91423df8.png","brizy_post_uid":["028a7fe259c52aeecbdd522f661036a9"]}},{"id":2962,"url":"https:\/\/www.gebaeudesimulation.ch\/wp-content\/uploads\/2024\/03\/epro-egineering-logo.svg","name":"epro-egineering-logo.svg","meta":{"brizy_attachment_uid":"wp-56fc9c3b775f56f4b016ac12a2253969.svg","brizy_post_uid":["028a7fe259c52aeecbdd522f661036a9"]}},{"id":3405,"url":"https:\/\/www.gebaeudesimulation.ch\/wp-content\/uploads\/2024\/12\/xmas_gss_logo_nachbau_5x4_de_border.svg","name":"xmas_gss_logo_replica_5x4_en_border.svg","meta":{"brizy_attachment_uid":"wp-d11e7ab859f7b7a4bec862dda6f9d834.svg","brizy_post_uid":["028a7fe259c52aeecbdd522f661036a9"]}},{"id":3413,"url":"https:\/\/www.gebaeudesimulation.ch\/wp-content\/uploads\/2024\/12\/xmas_gss_logo_nachbau_5x4_de_no_border.svg","name":"xmas_gss_logo_replica_5x4_en_no_border.svg","meta":{"brizy_attachment_uid":"wp-0b1b4bed53bb484c232b848d992b9f91.svg","brizy_post_uid":["028a7fe259c52aeecbdd522f661036a9"]}},{"id":3527,"url":"https:\/\/www.gebaeudesimulation.ch\/wp-content\/uploads\/2025\/01\/orig_gss_logo_nachbau_5x4_de_no_border.svg","name":"orig_gss_logo_nachbau_5x4_en_no_border.svg","meta":{"brizy_attachment_uid":"wp-d6ad4c49c5a83f781ea154e8e751535c.svg","brizy_post_uid":["028a7fe259c52aeecbdd522f661036a9"]}},{"id":3647,"url":"https:\/\/www.gebaeudesimulation.ch\/wp-content\/uploads\/2025\/02\/IDAICE_Projektbeispiel.jpg","name":"IDAICE_Project_example.jpg","meta":{"brizy_attachment_uid":"wp-4ba6c703a4877fd1681fd819f009d98e.jpg","brizy_post_uid":["028a7fe259c52aeecbdd522f661036a9"]}}],"_links":{"self":[{"href":"https:\/\/www.gebaeudesimulation.ch\/en\/wp-json\/wp\/v2\/pages\/4025","targetHints":{"allow":["GET"]}}],"collection":[{"href":"https:\/\/www.gebaeudesimulation.ch\/en\/wp-json\/wp\/v2\/pages"}],"about":[{"href":"https:\/\/www.gebaeudesimulation.ch\/en\/wp-json\/wp\/v2\/types\/page"}],"author":[{"embeddable":true,"href":"https:\/\/www.gebaeudesimulation.ch\/en\/wp-json\/wp\/v2\/users\/2"}],"replies":[{"embeddable":true,"href":"https:\/\/www.gebaeudesimulation.ch\/en\/wp-json\/wp\/v2\/comments?post=4025"}],"version-history":[{"count":25,"href":"https:\/\/www.gebaeudesimulation.ch\/en\/wp-json\/wp\/v2\/pages\/4025\/revisions"}],"predecessor-version":[{"id":4143,"href":"https:\/\/www.gebaeudesimulation.ch\/en\/wp-json\/wp\/v2\/pages\/4025\/revisions\/4143"}],"wp:attachment":[{"href":"https:\/\/www.gebaeudesimulation.ch\/en\/wp-json\/wp\/v2\/media?parent=4025"}],"curies":[{"name":"wp","href":"https:\/\/api.w.org\/{rel}","templated":true}]}}